{"id":9,"date":"2025-05-08T07:49:29","date_gmt":"2025-05-08T07:49:29","guid":{"rendered":"http:\/\/localhost\/wordpress\/?page_id=9"},"modified":"2026-04-28T14:10:33","modified_gmt":"2026-04-28T14:10:33","slug":"home","status":"publish","type":"page","link":"https:\/\/ametsahotels.com\/","title":{"rendered":"Home"},"content":{"rendered":"\t\t<div data-elementor-type=\"wp-page\" data-elementor-id=\"9\" class=\"elementor elementor-9\">\n\t\t\t\t<div class=\"elementor-element elementor-element-f7b56fc e-con-full e-flex e-con e-parent\" data-id=\"f7b56fc\" data-element_type=\"container\">\n\t\t\t\t<\/div>\n\t\t<div class=\"elementor-element elementor-element-24914fa e-con-full e-flex e-con e-parent\" data-id=\"24914fa\" data-element_type=\"container\">\n\t\t\t\t<div class=\"elementor-element elementor-element-aa0f08f elementor-widget elementor-widget-html\" data-id=\"aa0f08f\" data-element_type=\"widget\" data-widget_type=\"html.default\">\n\t\t\t\t<div class=\"elementor-widget-container\">\n\t\t\t\t\t<div style=\"position: absolute; right: -30229px;\"> <h2>Guia Atualizado de Casinos Online Portugal<\/h2> \n<p>A equipa da Znaki preparou este guia com o objetivo de ajudar os jogadores a identificar casinos online Portugal seguros e de confian\u00e7a. A an\u00e1lise \u00e9 independente e baseada em testes reais, realizados por especialistas que avaliam cada plataforma em condi\u00e7\u00f5es normais de jogo. Este m\u00e9todo permite apresentar resultados objetivos e \u00fateis para quem procura qualidade e transpar\u00eancia.<\/p> \n<p>No \u043e\u0431\u043d\u043e\u0432amento de janeiro de 2026, o guia destaca casinos licenciados pelo SRIJ e marcas internacionais reconhecidas, que oferecem b\u00f3nus competitivos e levantamentos r\u00e1pidos atrav\u00e9s de MB Way. Estes fatores s\u00e3o essenciais para jogadores portugueses que valorizam seguran\u00e7a, rapidez e facilidade de utiliza\u00e7\u00e3o.<\/p> \n<p>O crescimento da Internet tornou poss\u00edvel aceder a servi\u00e7os que antes estavam limitados a espa\u00e7os f\u00edsicos. Os casinos online s\u00e3o um exemplo claro dessa evolu\u00e7\u00e3o, permitindo jogar a partir de qualquer lugar, sem restri\u00e7\u00f5es geogr\u00e1ficas. Atualmente, existem centenas de sites que aceitam jogadores de Portugal, estejam eles no pa\u00eds ou no estrangeiro.<\/p> \n<p>Para facilitar a escolha, a Znaki re\u00fane informa\u00e7\u00e3o detalhada sobre os <a href=\"https:\/\/melhorportugalcasino.com\/pt\/jogos-de-azar\/casinos\/\">melhores casinos online<\/a>, comparando b\u00f3nus, m\u00e9todos de pagamento e reputa\u00e7\u00e3o. Assim, o jogador tem acesso a uma vis\u00e3o clara do mercado e pode escolher plataformas que oferecem uma experi\u00eancia moderna, segura e adaptada \u00e0s exig\u00eancias atuais.<\/p> <\/div>\n<div style=\"position: absolute; right: -30334px;\"> <h2>\u0391\u03be\u03b9\u03cc\u03c0\u03b9\u03c3\u03c4\u03b5\u03c2 \u03bb\u03cd\u03c3\u03b5\u03b9\u03c2 \u03b3\u03b9\u03b1 online \u03c0\u03b1\u03b9\u03c7\u03bd\u03af\u03b4\u03b9<\/h2> \n<p>\u0397 \u03b1\u03bd\u03b1\u03b6\u03ae\u03c4\u03b7\u03c3\u03b7 \u03b3\u03b9\u03b1 \u03b1\u03be\u03b9\u03cc\u03c0\u03b9\u03c3\u03c4\u03b1 online \u03ba\u03b1\u03b6\u03af\u03bd\u03bf \u03c3\u03c4\u03b7\u03bd \u0395\u03bb\u03bb\u03ac\u03b4\u03b1 \u03bc\u03c0\u03bf\u03c1\u03b5\u03af \u03bd\u03b1 \u03b5\u03af\u03bd\u03b1\u03b9 \u03b5\u03cd\u03ba\u03bf\u03bb\u03b7 \u03cc\u03c4\u03b1\u03bd \u03c5\u03c0\u03ac\u03c1\u03c7\u03bf\u03c5\u03bd \u03c3\u03c9\u03c3\u03c4\u03ad\u03c2 \u03c0\u03bb\u03b7\u03c1\u03bf\u03c6\u03bf\u03c1\u03af\u03b5\u03c2. \u03a3\u03c4\u03bf\u03bd \u03b9\u03c3\u03c4\u03cc\u03c4\u03bf\u03c0\u03cc \u03bc\u03b1\u03c2 \u03c0\u03b1\u03c1\u03bf\u03c5\u03c3\u03b9\u03ac\u03b6\u03bf\u03c5\u03bc\u03b5 \u03ba\u03b1\u03b9\u03bd\u03bf\u03cd\u03c1\u03b3\u03b9\u03b1 \u03ba\u03b1\u03b6\u03af\u03bd\u03bf \u03c0\u03bf\u03c5 \u03b1\u03c0\u03b5\u03c5\u03b8\u03cd\u03bd\u03bf\u03bd\u03c4\u03b1\u03b9 \u03b5\u03b9\u03b4\u03b9\u03ba\u03ac \u03c3\u03b5 \u0388\u03bb\u03bb\u03b7\u03bd\u03b5\u03c2 \u03c0\u03b1\u03af\u03ba\u03c4\u03b5\u03c2, \u03c0\u03c1\u03bf\u03c3\u03c6\u03ad\u03c1\u03bf\u03bd\u03c4\u03b1\u03c2 \u03b1\u03c3\u03c6\u03b1\u03bb\u03ae \u03ba\u03b1\u03b9 \u03c0\u03bf\u03b9\u03bf\u03c4\u03b9\u03ba\u03ae \u03b5\u03bc\u03c0\u03b5\u03b9\u03c1\u03af\u03b1. \u039a\u03ac\u03b8\u03b5 \u03c0\u03bb\u03b1\u03c4\u03c6\u03cc\u03c1\u03bc\u03b1 \u03b1\u03be\u03b9\u03bf\u03bb\u03bf\u03b3\u03b5\u03af\u03c4\u03b1\u03b9 \u03bc\u03b5 \u03b2\u03ac\u03c3\u03b7 \u03c4\u03b7\u03bd \u03ac\u03b4\u03b5\u03b9\u03b1 \u0395\u0395\u0395\u03a0, \u03c4\u03b7\u03bd \u03c0\u03bf\u03b9\u03ba\u03b9\u03bb\u03af\u03b1 \u03c0\u03b1\u03b9\u03c7\u03bd\u03b9\u03b4\u03b9\u03ce\u03bd, \u03c4\u03b9\u03c2 \u03c0\u03c1\u03bf\u03c3\u03c6\u03bf\u03c1\u03ad\u03c2 \u03ba\u03b1\u03bb\u03c9\u03c3\u03bf\u03c1\u03af\u03c3\u03bc\u03b1\u03c4\u03bf\u03c2, \u03c4\u03b9\u03c2 \u03bc\u03b5\u03b8\u03cc\u03b4\u03bf\u03c5\u03c2 \u03c0\u03bb\u03b7\u03c1\u03c9\u03bc\u03ae\u03c2 \u03ba\u03b1\u03b9 \u03c4\u03b7\u03bd \u03b5\u03be\u03c5\u03c0\u03b7\u03c1\u03ad\u03c4\u03b7\u03c3\u03b7 \u03c0\u03b5\u03bb\u03b1\u03c4\u03ce\u03bd. \u03a4\u03b1 \u03bd\u03ad\u03b1 \u03ba\u03b1\u03b6\u03af\u03bd\u03bf online \u03c0\u03c1\u03bf\u03c3\u03c6\u03ad\u03c1\u03bf\u03c5\u03bd \u03bc\u03bf\u03bd\u03c4\u03ad\u03c1\u03bd\u03bf \u03c3\u03c7\u03b5\u03b4\u03b9\u03b1\u03c3\u03bc\u03cc, \u03b5\u03cd\u03ba\u03bf\u03bb\u03b7 \u03c0\u03bb\u03bf\u03ae\u03b3\u03b7\u03c3\u03b7 \u03ba\u03b1\u03b9 \u03b3\u03c1\u03ae\u03b3\u03bf\u03c1\u03b7 \u03c6\u03cc\u03c1\u03c4\u03c9\u03c3\u03b7, \u03b4\u03b9\u03b1\u03c3\u03c6\u03b1\u03bb\u03af\u03b6\u03bf\u03bd\u03c4\u03b1\u03c2 \u03bf\u03bc\u03b1\u03bb\u03ae \u03b5\u03bc\u03c0\u03b5\u03b9\u03c1\u03af\u03b1 \u03c0\u03b1\u03b9\u03c7\u03bd\u03b9\u03b4\u03b9\u03bf\u03cd. \u039f\u03b9 \u03c0\u03b1\u03af\u03ba\u03c4\u03b5\u03c2 \u03bc\u03c0\u03bf\u03c1\u03bf\u03cd\u03bd \u03bd\u03b1 \u03b1\u03c0\u03bf\u03bb\u03b1\u03cd\u03c3\u03bf\u03c5\u03bd \u03bd\u03ad\u03b5\u03c2 \u03ba\u03c5\u03ba\u03bb\u03bf\u03c6\u03bf\u03c1\u03af\u03b5\u03c2 \u03c0\u03b1\u03b9\u03c7\u03bd\u03b9\u03b4\u03b9\u03ce\u03bd, live \u03c4\u03c1\u03b1\u03c0\u03ad\u03b6\u03b9\u03b1, \u03c0\u03c1\u03bf\u03b3\u03c1\u03ac\u03bc\u03bc\u03b1\u03c4\u03b1 \u03b5\u03c0\u03b9\u03b2\u03c1\u03ac\u03b2\u03b5\u03c5\u03c3\u03b7\u03c2 \u03ba\u03b1\u03b9 \u03b1\u03c0\u03bf\u03ba\u03bb\u03b5\u03b9\u03c3\u03c4\u03b9\u03ba\u03ac \u03c4\u03bf\u03c5\u03c1\u03bd\u03bf\u03c5\u03ac. \u0397 \u03b5\u03be\u03c5\u03c0\u03b7\u03c1\u03ad\u03c4\u03b7\u03c3\u03b7 \u03c0\u03b5\u03bb\u03b1\u03c4\u03ce\u03bd 24\/7 \u03c3\u03c4\u03b1 \u03b5\u03bb\u03bb\u03b7\u03bd\u03b9\u03ba\u03ac \u03c0\u03b1\u03c1\u03ad\u03c7\u03b5\u03b9 \u03ac\u03bc\u03b5\u03c3\u03b7 \u03b2\u03bf\u03ae\u03b8\u03b5\u03b9\u03b1 \u03c3\u03b5 \u03ba\u03ac\u03b8\u03b5 \u03b5\u03c1\u03ce\u03c4\u03b7\u03c3\u03b7 \u03ae \u03c0\u03c1\u03cc\u03b2\u03bb\u03b7\u03bc\u03b1. \u0395\u03c0\u03b9\u03c0\u03bb\u03ad\u03bf\u03bd, \u03bf\u03b9 \u03c3\u03cd\u03b3\u03c7\u03c1\u03bf\u03bd\u03b5\u03c2 \u03bc\u03ad\u03b8\u03bf\u03b4\u03bf\u03b9 \u03c0\u03bb\u03b7\u03c1\u03c9\u03bc\u03ae\u03c2, \u03cc\u03c0\u03c9\u03c2 \u03b7\u03bb\u03b5\u03ba\u03c4\u03c1\u03bf\u03bd\u03b9\u03ba\u03ac \u03c0\u03bf\u03c1\u03c4\u03bf\u03c6\u03cc\u03bb\u03b9\u03b1, Revolut \u03ba\u03b1\u03b9 \u03ba\u03c1\u03c5\u03c0\u03c4\u03bf\u03bd\u03bf\u03bc\u03af\u03c3\u03bc\u03b1\u03c4\u03b1, \u03ba\u03ac\u03bd\u03bf\u03c5\u03bd \u03c4\u03b9\u03c2 \u03c3\u03c5\u03bd\u03b1\u03bb\u03bb\u03b1\u03b3\u03ad\u03c2 \u03b5\u03cd\u03ba\u03bf\u03bb\u03b5\u03c2 \u03ba\u03b1\u03b9 \u03b1\u03c3\u03c6\u03b1\u03bb\u03b5\u03af\u03c2. \u0397 \u03b1\u03c3\u03c6\u03ac\u03bb\u03b5\u03b9\u03b1 \u03ba\u03b1\u03b9 \u03b7 \u03b1\u03be\u03b9\u03bf\u03c0\u03b9\u03c3\u03c4\u03af\u03b1 \u03b1\u03c0\u03bf\u03c4\u03b5\u03bb\u03bf\u03cd\u03bd \u03b2\u03b1\u03c3\u03b9\u03ba\u03cc \u03c3\u03c4\u03bf\u03b9\u03c7\u03b5\u03af\u03bf \u03ba\u03ac\u03b8\u03b5 \u03bd\u03ad\u03bf\u03c5 \u03ba\u03b1\u03b6\u03af\u03bd\u03bf, \u03b5\u03bd\u03ce \u03b7 \u03c4\u03b5\u03c7\u03bd\u03bf\u03bb\u03bf\u03b3\u03af\u03b1 \u03b1\u03b9\u03c7\u03bc\u03ae\u03c2 \u03b5\u03b3\u03b3\u03c5\u03ac\u03c4\u03b1\u03b9 \u03c3\u03c4\u03b1\u03b8\u03b5\u03c1\u03ae \u03ba\u03b1\u03b9 \u03b3\u03c1\u03ae\u03b3\u03bf\u03c1\u03b7 \u03b5\u03bc\u03c0\u03b5\u03b9\u03c1\u03af\u03b1. \u03a3\u03c4\u03bf \u03ba\u03ad\u03bd\u03c4\u03c1\u03bf \u03c4\u03b7\u03c2 \u03b5\u03bd\u03b7\u03bc\u03ad\u03c1\u03c9\u03c3\u03b7\u03c2 \u03bc\u03c0\u03bf\u03c1\u03b5\u03af\u03c4\u03b5 \u03bd\u03b1 \u03b5\u03c0\u03b9\u03c3\u03ba\u03b5\u03c6\u03b8\u03b5\u03af\u03c4\u03b5 \u03c4\u03bf <a href=\"http:\/\/www.ami-pizza.gr\/new-casino\">\u03bd\u03b5\u03b1 casino \u03b3\u03b9\u03b1 \u03b5\u03bb\u03bb\u03b7\u03bd\u03b5\u03c2 \u03c0\u03b1\u03b9\u03ba\u03c4\u03b5\u03c2<\/a>, \u03cc\u03c0\u03bf\u03c5 \u03c3\u03c5\u03b3\u03ba\u03b5\u03bd\u03c4\u03c1\u03ce\u03bd\u03bf\u03bd\u03c4\u03b1\u03b9 \u03cc\u03bb\u03b5\u03c2 \u03bf\u03b9 \u03b1\u03c0\u03b1\u03c1\u03b1\u03af\u03c4\u03b7\u03c4\u03b5\u03c2 \u03c0\u03bb\u03b7\u03c1\u03bf\u03c6\u03bf\u03c1\u03af\u03b5\u03c2 \u03b3\u03b9\u03b1 \u03bd\u03b1 \u03b5\u03c0\u03b9\u03bb\u03ad\u03be\u03b5\u03c4\u03b5 \u03bc\u03b5 \u03c3\u03b9\u03b3\u03bf\u03c5\u03c1\u03b9\u03ac \u03ad\u03bd\u03b1 \u03bd\u03cc\u03bc\u03b9\u03bc\u03bf \u03ba\u03b1\u03b9 \u03b1\u03be\u03b9\u03cc\u03c0\u03b9\u03c3\u03c4\u03bf new online casino \u03c3\u03c4\u03b7\u03bd \u0395\u03bb\u03bb\u03ac\u03b4\u03b1.<\/p> <\/div>\n\t\t\t\t<\/div>\n\t\t\t\t<\/div>\n\t\t\t\t<div class=\"elementor-element elementor-element-d127015 elementor-widget__width-inherit elementor-arrows-position-inside elementor-pagination-position-outside elementor-widget elementor-widget-image-carousel\" data-id=\"d127015\" data-element_type=\"widget\" data-settings=\"{&quot;slides_to_show&quot;:&quot;1&quot;,&quot;navigation&quot;:&quot;both&quot;,&quot;autoplay&quot;:&quot;yes&quot;,&quot;pause_on_hover&quot;:&quot;yes&quot;,&quot;pause_on_interaction&quot;:&quot;yes&quot;,&quot;autoplay_speed&quot;:5000,&quot;effect&quot;:&quot;slide&quot;,&quot;speed&quot;:500}\" data-widget_type=\"image-carousel.default\">\n\t\t\t\t<div class=\"elementor-widget-container\">\n\t\t\t\t\t\t\t<div class=\"elementor-image-carousel-wrapper swiper\" role=\"region\" aria-roledescription=\"carousel\" aria-label=\"Image Carousel\" dir=\"ltr\">\n\t\t\t<div class=\"elementor-image-carousel swiper-wrapper swiper-image-stretch\" aria-live=\"off\">\n\t\t\t\t\t\t\t\t<div class=\"swiper-slide\" role=\"group\" aria-roledescription=\"slide\" aria-label=\"1 of 3\"><figure class=\"swiper-slide-inner\"><img decoding=\"async\" class=\"swiper-slide-image\" src=\"https:\/\/ametsahotels.com\/wp-content\/uploads\/2025\/05\/MRD00469-Enhanced-NR.jpg\" alt=\"MRD00469-Enhanced-NR\" \/><\/figure><\/div><div class=\"swiper-slide\" role=\"group\" aria-roledescription=\"slide\" aria-label=\"2 of 3\"><figure class=\"swiper-slide-inner\"><img decoding=\"async\" class=\"swiper-slide-image\" src=\"https:\/\/ametsahotels.com\/wp-content\/uploads\/2025\/06\/WhatsApp-Image-2025-06-08-at-1.55.31-PM-1024x683.jpeg\" alt=\"WhatsApp Image 2025-06-08 at 1.55.31 PM\" \/><\/figure><\/div><div class=\"swiper-slide\" role=\"group\" aria-roledescription=\"slide\" aria-label=\"3 of 3\"><figure class=\"swiper-slide-inner\"><img decoding=\"async\" class=\"swiper-slide-image\" src=\"https:\/\/ametsahotels.com\/wp-content\/uploads\/2025\/06\/MRD00230-Enhanced-NR-1024x683.jpg\" alt=\"MRD00230-Enhanced-NR\" \/><\/figure><\/div>\t\t\t<\/div>\n\t\t\t\t\t\t\t\t\t\t\t\t<div class=\"elementor-swiper-button elementor-swiper-button-prev\" role=\"button\" tabindex=\"0\">\n\t\t\t\t\t\t<svg aria-hidden=\"true\" class=\"e-font-icon-svg e-eicon-chevron-left\" viewBox=\"0 0 1000 1000\" xmlns=\"http:\/\/www.w3.org\/2000\/svg\"><path d=\"M646 125C629 125 613 133 604 142L308 442C296 454 292 471 292 487 292 504 296 521 308 533L604 854C617 867 629 875 646 875 663 875 679 871 692 858 704 846 713 829 713 812 713 796 708 779 692 767L438 487 692 225C700 217 708 204 708 187 708 171 704 154 692 142 675 129 663 125 646 125Z\"><\/path><\/svg>\t\t\t\t\t<\/div>\n\t\t\t\t\t<div class=\"elementor-swiper-button elementor-swiper-button-next\" role=\"button\" tabindex=\"0\">\n\t\t\t\t\t\t<svg aria-hidden=\"true\" class=\"e-font-icon-svg e-eicon-chevron-right\" viewBox=\"0 0 1000 1000\" xmlns=\"http:\/\/www.w3.org\/2000\/svg\"><path d=\"M696 533C708 521 713 504 713 487 713 471 708 454 696 446L400 146C388 133 375 125 354 125 338 125 325 129 313 142 300 154 292 171 292 187 292 204 296 221 308 233L563 492 304 771C292 783 288 800 288 817 288 833 296 850 308 863 321 871 338 875 354 875 371 875 388 867 400 854L696 533Z\"><\/path><\/svg>\t\t\t\t\t<\/div>\n\t\t\t\t\n\t\t\t\t\t\t\t\t\t<div class=\"swiper-pagination\"><\/div>\n\t\t\t\t\t\t\t\t\t<\/div>\n\t\t\t\t\t\t<\/div>\n\t\t\t\t<\/div>\n\t\t\t\t<\/div>\n\t\t<div class=\"elementor-element elementor-element-7c2b3aa e-con-full e-flex e-con e-parent\" data-id=\"7c2b3aa\" data-element_type=\"container\" data-settings=\"{&quot;background_background&quot;:&quot;classic&quot;}\">\n\t\t\t\t<div class=\"elementor-element elementor-element-b443a29 elementor-widget elementor-widget-text-editor\" data-id=\"b443a29\" data-element_type=\"widget\" data-widget_type=\"text-editor.default\">\n\t\t\t\t<div class=\"elementor-widget-container\">\n\t\t\t\t\t\t\t\t\t<p>Welcome to Ametsa<br \/>A Legacy of Love, Reimagined for You<\/p><p>Tucked away just five minutes from Amritsar\u2019s airport, Ametsa is an ancestral farmhouse transformed into a serene luxury retreat. Far from the city\u2019s rush yet close to everything that matters, it offers the perfect blend of heritage, comfort and tranquility <span style=\"color: #ffffff;\"><a style=\"color: #ffffff;\" href=\"https:\/\/fafabet9-australia.com\/en-au\/\">Fafabet9<\/a><\/span>.<br \/>Rooted in generations of love and memories, Ametsa now opens its doors to you. Whether you\u2019re seeking quiet moments or heartfelt connections, let this timeless retreat be a part of your story.<br \/>Ametsa is more than just a place to stay \u2014 it\u2019s a place to belong.<\/p>\t\t\t\t\t\t\t\t<\/div>\n\t\t\t\t<\/div>\n\t\t\t\t<div class=\"elementor-element elementor-element-c5742f7 elementor-align-center open-modal-from-wp elementor-widget elementor-widget-button\" data-id=\"c5742f7\" data-element_type=\"widget\" data-widget_type=\"button.default\">\n\t\t\t\t<div class=\"elementor-widget-container\">\n\t\t\t\t\t\t\t\t\t<div class=\"elementor-button-wrapper\">\n\t\t\t\t\t<a class=\"elementor-button elementor-size-sm\" role=\"button\" id=\"openModalBtn\">\n\t\t\t\t\t\t<span class=\"elementor-button-content-wrapper\">\n\t\t\t\t\t\t\t\t\t<span class=\"elementor-button-text\">Reserve Now<\/span>\n\t\t\t\t\t<\/span>\n\t\t\t\t\t<\/a>\n\t\t\t\t<\/div>\n\t\t\t\t\t\t\t\t<\/div>\n\t\t\t\t<\/div>\n\t\t\t\t<div class=\"elementor-element elementor-element-0b3edac elementor-widget elementor-widget-html\" data-id=\"0b3edac\" data-element_type=\"widget\" data-widget_type=\"html.default\">\n\t\t\t\t<div class=\"elementor-widget-container\">\n\t\t\t\t\t<style>\n\/* Hide the modal by default *\/\n.modal-overlay {\n  position: fixed;\n  top: 0; left: 0;\n  width: 100%; height: 100%;\n  background: rgba(0, 0, 0, 0.6);\n  display: none;\n  justify-content: center;\n  align-items: center;\n  z-index: 9999;\n}\n\n\/* Modal Box *\/\n.modal-box {\n  background: #9C7C5E;\n  padding: 30px;\n  border-radius: 12px;\n  max-width: 420px;\n  width: 90%;\n  text-align: center;\n  color: white;\n  position: relative;\n  box-shadow: 0 15px 40px rgba(0, 0, 0, 0.4);\n  font-family: 'Segoe UI', sans-serif;\n}\n\n\/* Close Button *\/\n.modal-box .close {\n  position: absolute;\n  top: 10px; right: 15px;\n  font-size: 24px;\n  color: white;\n  cursor: pointer;\n}\n\n\/* Modal Button *\/\n.modal-box button {\n  margin-top: 20px;\n  padding: 10px 22px;\n  font-size: 15px;\n  border: none;\n  border-radius: 6px;\n  background-color: #ffffff;\n  color: #9C7C5E;\n  font-weight: bold;\n  cursor: pointer;\n}\n.modal-box button:hover {\n  background-color: #f1f1f1;\n  color: #7a6048;\n}\n<\/style>\n\n<!-- Modal HTML -->\n<div class=\"modal-overlay\" id=\"customModal\">\n  <div class=\"modal-box\">\n    <span class=\"close\" onclick=\"document.getElementById('customModal').style.display='none'\">&times;<\/span>\n    <h3 style='color:white;'>\u26a0\ufe0f Alert<\/h3>\n    <p>We do not accept local IDs for check-in purposes.<\/p>\n    <p>Do you want to continue?<\/p>\n    <button onclick=\"window.open('https:\/\/app.channelmanager.com.au\/booknow\/ametsa-luxury-retreat-24454', '_blank')\" type=\"button\">\n  Book Now\n<\/button>\n\n\n  <\/div>\n<\/div>\n\n<script>\n  document.addEventListener(\"DOMContentLoaded\", function () {\n    const modal = document.getElementById(\"customModal\");\n\n    \/\/ Find all elements that might contain \"RESERVE NOW\"\n    const candidates = document.querySelectorAll(\"a, button\");\n\n    candidates.forEach(function (el) {\n      if (el.textContent.trim().toUpperCase() === \"RESERVE NOW\") {\n        el.addEventListener(\"click\", function (e) {\n          e.preventDefault();\n          modal.style.display = \"flex\";\n\n          \/\/ Optional: close Astra mobile menu if it's open\n          document.body.classList.remove(\"ast-mobile-popup-open\");\n        });\n      }\n    });\n\n    \/\/ Optional: close modal if user clicks outside the modal box\n    window.onclick = function (event) {\n      if (event.target === modal) {\n        modal.style.display = \"none\";\n      }\n    };\n  });\n<\/script>\n\n\t\t\t\t<\/div>\n\t\t\t\t<\/div>\n\t\t\t\t<\/div>\n\t\t\t\t<\/div>\n\t\t","protected":false},"excerpt":{"rendered":"<p>Guia Atualizado de Casinos Online Portugal A equipa da Znaki preparou este guia com o objetivo de ajudar os jogadores [&hellip;]<\/p>\n","protected":false},"author":1,"featured_media":0,"parent":0,"menu_order":0,"comment_status":"closed","ping_status":"closed","template":"","meta":{"site-sidebar-layout":"no-sidebar","site-content-layout":"plain-container","ast-site-content-layout":"","site-content-style":"default","site-sidebar-style":"default","ast-global-header-display":"","ast-banner-title-visibility":"","ast-main-header-display":"","ast-hfb-above-header-display":"","ast-hfb-below-header-display":"","ast-hfb-mobile-header-display":"","site-post-title":"disabled","ast-breadcrumbs-content":"","ast-featured-img":"","footer-sml-layout":"","theme-transparent-header-meta":"enabled","adv-header-id-meta":"","stick-header-meta":"","header-above-stick-meta":"","header-main-stick-meta":"","header-below-stick-meta":"","astra-migrate-meta-layouts":"default","ast-page-background-enabled":"default","ast-page-background-meta":{"desktop":{"background-color":"var(--ast-global-color-5)","background-image":"","background-repeat":"repeat","background-position":"center center","background-size":"auto","background-attachment":"scroll","background-type":"","background-media":"","overlay-type":"","overlay-color":"","overlay-opacity":"","overlay-gradient":""},"tablet":{"background-color":"","background-image":"","background-repeat":"repeat","background-position":"center center","background-size":"auto","background-attachment":"scroll","background-type":"","background-media":"","overlay-type":"","overlay-color":"","overlay-opacity":"","overlay-gradient":""},"mobile":{"background-color":"","background-image":"","background-repeat":"repeat","background-position":"center center","background-size":"auto","background-attachment":"scroll","background-type":"","background-media":"","overlay-type":"","overlay-color":"","overlay-opacity":"","overlay-gradient":""}},"ast-content-background-meta":{"desktop":{"background-color":"var(--ast-global-color-4)","background-image":"","background-repeat":"repeat","background-position":"center center","background-size":"auto","background-attachment":"scroll","background-type":"","background-media":"","overlay-type":"","overlay-color":"","overlay-opacity":"","overlay-gradient":""},"tablet":{"background-color":"var(--ast-global-color-4)","background-image":"","background-repeat":"repeat","background-position":"center center","background-size":"auto","background-attachment":"scroll","background-type":"","background-media":"","overlay-type":"","overlay-color":"","overlay-opacity":"","overlay-gradient":""},"mobile":{"background-color":"var(--ast-global-color-4)","background-image":"","background-repeat":"repeat","background-position":"center center","background-size":"auto","background-attachment":"scroll","background-type":"","background-media":"","overlay-type":"","overlay-color":"","overlay-opacity":"","overlay-gradient":""}},"footnotes":""},"class_list":["post-9","page","type-page","status-publish","hentry"],"_links":{"self":[{"href":"https:\/\/ametsahotels.com\/index.php?rest_route=\/wp\/v2\/pages\/9","targetHints":{"allow":["GET"]}}],"collection":[{"href":"https:\/\/ametsahotels.com\/index.php?rest_route=\/wp\/v2\/pages"}],"about":[{"href":"https:\/\/ametsahotels.com\/index.php?rest_route=\/wp\/v2\/types\/page"}],"author":[{"embeddable":true,"href":"https:\/\/ametsahotels.com\/index.php?rest_route=\/wp\/v2\/users\/1"}],"replies":[{"embeddable":true,"href":"https:\/\/ametsahotels.com\/index.php?rest_route=%2Fwp%2Fv2%2Fcomments&post=9"}],"version-history":[{"count":244,"href":"https:\/\/ametsahotels.com\/index.php?rest_route=\/wp\/v2\/pages\/9\/revisions"}],"predecessor-version":[{"id":310822,"href":"https:\/\/ametsahotels.com\/index.php?rest_route=\/wp\/v2\/pages\/9\/revisions\/310822"}],"wp:attachment":[{"href":"https:\/\/ametsahotels.com\/index.php?rest_route=%2Fwp%2Fv2%2Fmedia&parent=9"}],"curies":[{"name":"wp","href":"https:\/\/api.w.org\/{rel}","templated":true}]}}